{"id":7257,"date":"2023-05-24T18:41:56","date_gmt":"2023-05-24T16:41:56","guid":{"rendered":"https:\/\/old.clustercomet.it\/progetti-europei\/smart-circuit\/"},"modified":"2023-05-24T18:55:36","modified_gmt":"2023-05-24T16:55:36","slug":"smart-circuit","status":"publish","type":"page","link":"https:\/\/old.clustercomet.it\/en\/progetti-europei\/smart-circuit\/","title":{"rendered":"Smart Circuit"},"content":{"rendered":"<p>[et_pb_section fb_built=&#8221;1&#8243; fullwidth=&#8221;on&#8221; admin_label=&#8221;Page Header&#8221; _builder_version=&#8221;4.9.4&#8243; background_image=&#8221;https:\/\/old.clustercomet.it\/wp-content\/uploads\/2021\/06\/progetti_europei.hd_.jpg&#8221; parallax=&#8221;on&#8221; background_enable_video_mp4=&#8221;off&#8221; custom_padding=&#8221;100px||100px||true|false&#8221; locked=&#8221;off&#8221;][et_pb_fullwidth_header title=&#8221;SMART CIRCUIT&#8221; subhead=&#8221;Enabling SMARTer, CIRCUlar digITal innovation hubs to enhance Central Europe\u2019s manufacturing eco-system towards a greener &#038; more competitive future&#8221; text_orientation=&#8221;center&#8221; button_one_url=&#8221;#&#8221; button_two_url=&#8221;#&#8221; background_overlay_color=&#8221;RGBA(0,0,0,0)&#8221; admin_label=&#8221;Hero Section&#8221; _builder_version=&#8221;4.9.4&#8243; title_font=&#8221;Mulish|900|||||||&#8221; title_text_align=&#8221;center&#8221; title_text_color=&#8221;gcid-cf4412ac-b0e4-43ed-bef2-d7fedd2138c0&#8243; title_font_size=&#8221;60px&#8221; title_line_height=&#8221;1.2em&#8221; content_font_size=&#8221;22px&#8221; content_line_height=&#8221;1.8em&#8221; subhead_font=&#8221;Mulish|900|on||||||&#8221; subhead_font_size=&#8221;27px&#8221; subhead_line_height=&#8221;1.2em&#8221; background_color=&#8221;RGBA(0,0,0,0)&#8221; background_enable_image=&#8221;off&#8221; background_blend=&#8221;lighten&#8221; custom_button_one=&#8221;on&#8221; button_one_text_size=&#8221;16px&#8221; button_one_bg_color=&#8221;#6eba01&#8243; button_one_border_width=&#8221;2px&#8221; button_one_border_color=&#8221;#6eba01&#8243; button_one_border_radius=&#8221;0&#8243; button_one_letter_spacing=&#8221;2&#8243; button_one_font=&#8221;Montserrat|||on|&#8221; button_one_use_icon=&#8221;off&#8221; custom_button_two=&#8221;on&#8221; button_two_text_size=&#8221;16px&#8221; button_two_border_width=&#8221;2px&#8221; button_two_border_color=&#8221;#ffffff&#8221; button_two_border_radius=&#8221;0&#8243; button_two_letter_spacing=&#8221;2&#8243; button_two_font=&#8221;Montserrat|||on|&#8221; button_two_use_icon=&#8221;off&#8221; module_alignment=&#8221;left&#8221; custom_margin=&#8221;|||&#8221; custom_padding=&#8221;150px||150px||true|false&#8221; button_one_text_color_hover=&#8221;#6eba01&#8243; button_two_text_color_hover=&#8221;#6eba01&#8243; button_one_border_color_hover=&#8221;#ffffff&#8221; button_two_border_color_hover=&#8221;#ffffff&#8221; button_one_border_radius_hover=&#8221;0&#8243; button_two_border_radius_hover=&#8221;0&#8243; button_one_letter_spacing_hover=&#8221;2&#8243; button_two_letter_spacing_hover=&#8221;2&#8243; button_one_bg_color_hover=&#8221;#ffffff&#8221; button_two_bg_color_hover=&#8221;#ffffff&#8221; global_colors_info=&#8221;{%22gcid-0aeb5149-2aaa-46aa-91c1-71bf0a0d7925%22:%91%93,%22gcid-8cf59364-2500-47c7-97b4-914edb1644e3%22:%91%93,%22gcid-cf4412ac-b0e4-43ed-bef2-d7fedd2138c0%22:%91%22title_text_color%22%93}&#8221; button_one_text_size__hover_enabled=&#8221;off&#8221; button_two_text_size__hover_enabled=&#8221;off&#8221; button_one_text_color__hover_enabled=&#8221;on&#8221; button_one_text_color__hover=&#8221;#6eba01&#8243; button_two_text_color__hover_enabled=&#8221;on&#8221; button_two_text_color__hover=&#8221;#6eba01&#8243; button_one_border_width__hover_enabled=&#8221;off&#8221; button_two_border_width__hover_enabled=&#8221;off&#8221; button_one_border_color__hover_enabled=&#8221;on&#8221; button_one_border_color__hover=&#8221;#ffffff&#8221; button_two_border_color__hover_enabled=&#8221;on&#8221; button_two_border_color__hover=&#8221;#ffffff&#8221; button_one_border_radius__hover_enabled=&#8221;on&#8221; button_one_border_radius__hover=&#8221;0&#8243; button_two_border_radius__hover_enabled=&#8221;on&#8221; button_two_border_radius__hover=&#8221;0&#8243; button_one_letter_spacing__hover_enabled=&#8221;on&#8221; button_one_letter_spacing__hover=&#8221;2&#8243; button_two_letter_spacing__hover_enabled=&#8221;on&#8221; button_two_letter_spacing__hover=&#8221;2&#8243; button_one_bg_color__hover_enabled=&#8221;on&#8221; button_one_bg_color__hover=&#8221;#ffffff&#8221; button_two_bg_color__hover_enabled=&#8221;on&#8221; button_two_bg_color__hover=&#8221;#ffffff&#8221;][\/et_pb_fullwidth_header][et_pb_fullwidth_image src=&#8221;https:\/\/old.clustercomet.it\/wp-content\/uploads\/2021\/04\/Texture_pezzo02-300&#215;295.png&#8221; title_text=&#8221;Texture_pezzo02&#8243; _builder_version=&#8221;4.9.4&#8243; _module_preset=&#8221;default&#8221; position_origin_a=&#8221;center_right&#8221; position_origin_f=&#8221;center_right&#8221; position_origin_r=&#8221;bottom_left&#8221; vertical_offset=&#8221;469px&#8221; horizontal_offset=&#8221;442px&#8221; width=&#8221;18%&#8221; custom_margin=&#8221;||-281px|70px|false|false&#8221; custom_padding=&#8221;||||false|false&#8221; scroll_horizontal_motion=&#8221;0|0|0|100|4|0|-4&#8243; scroll_fade=&#8221;24|47|47|93|0|100|100&#8243; scroll_scaling=&#8221;58|78|78|99|70|100|100&#8243; scroll_rotating_enable=&#8221;on&#8221; scroll_rotating=&#8221;0|71|71|100|-90\u00b0|0|90\u00b0&#8221; motion_trigger_start=&#8221;top&#8221; locked=&#8221;off&#8221;][\/et_pb_fullwidth_image][\/et_pb_section][et_pb_section fb_built=&#8221;1&#8243; _builder_version=&#8221;4.9.4&#8243; _module_preset=&#8221;default&#8221; background_color=&#8221;#191919&#8243;][et_pb_row _builder_version=&#8221;4.9.4&#8243; _module_preset=&#8221;default&#8221;][et_pb_column type=&#8221;4_4&#8243; _builder_version=&#8221;4.9.4&#8243; _module_preset=&#8221;default&#8221;][et_pb_text _builder_version=&#8221;4.9.4&#8243; _module_preset=&#8221;df44ae6c-237c-4332-aad4-364fbf818df2&#8243;]<\/p>\n<h4 style=\"text-align: center;\">Accedi ai progetti<\/h4>\n<p>[\/et_pb_text][\/et_pb_column][\/et_pb_row][et_pb_row column_structure=&#8221;1_6,1_6,1_6,1_6,1_6,1_6&#8243; _builder_version=&#8221;4.9.4&#8243; _module_preset=&#8221;default&#8221; animation_style=&#8221;zoom&#8221;][et_pb_column type=&#8221;1_6&#8243; _builder_version=&#8221;4.9.4&#8243; _module_preset=&#8221;default&#8221;][et_pb_button button_url=&#8221;@ET-DC@eyJkeW5hbWljIjp0cnVlLCJjb250ZW50IjoicG9zdF9saW5rX3VybF9wYWdlIiwic2V0dGluZ3MiOnsicG9zdF9pZCI6IjQ5MDgifX0=@&#8221; button_text=&#8221;EVOLUTE&#8221; _builder_version=&#8221;4.9.4&#8243; _dynamic_attributes=&#8221;button_url&#8221; _module_preset=&#8221;default&#8221;][\/et_pb_button][\/et_pb_column][et_pb_column type=&#8221;1_6&#8243; _builder_version=&#8221;4.9.4&#8243; _module_preset=&#8221;default&#8221;][et_pb_button button_url=&#8221;@ET-DC@eyJkeW5hbWljIjp0cnVlLCJjb250ZW50IjoicG9zdF9saW5rX3VybF9wYWdlIiwic2V0dGluZ3MiOnsicG9zdF9pZCI6IjEzNjMifX0=@&#8221; button_text=&#8221;ECoVEM&#8221; _builder_version=&#8221;4.9.4&#8243; _dynamic_attributes=&#8221;button_url&#8221; _module_preset=&#8221;default&#8221;][\/et_pb_button][\/et_pb_column][et_pb_column type=&#8221;1_6&#8243; _builder_version=&#8221;4.9.4&#8243; _module_preset=&#8221;default&#8221;][et_pb_button button_url=&#8221;@ET-DC@eyJkeW5hbWljIjp0cnVlLCJjb250ZW50IjoicG9zdF9saW5rX3VybF9wYWdlIiwic2V0dGluZ3MiOnsicG9zdF9pZCI6IjEzNTgifX0=@&#8221; button_text=&#8221;AI REGIO&#8221; _builder_version=&#8221;4.9.4&#8243; _dynamic_attributes=&#8221;button_url&#8221; _module_preset=&#8221;default&#8221;][\/et_pb_button][\/et_pb_column][et_pb_column type=&#8221;1_6&#8243; _builder_version=&#8221;4.9.4&#8243; _module_preset=&#8221;default&#8221;][et_pb_button button_url=&#8221;@ET-DC@eyJkeW5hbWljIjp0cnVlLCJjb250ZW50IjoicG9zdF9saW5rX3VybF9wYWdlIiwic2V0dGluZ3MiOnsicG9zdF9pZCI6IjcyNTcifX0=@&#8221; button_text=&#8221;SmartCircuit&#8221; _builder_version=&#8221;4.9.4&#8243; _dynamic_attributes=&#8221;button_url&#8221; _module_preset=&#8221;default&#8221;][\/et_pb_button][\/et_pb_column][et_pb_column type=&#8221;1_6&#8243; _builder_version=&#8221;4.9.4&#8243; _module_preset=&#8221;default&#8221;][et_pb_button button_url=&#8221;@ET-DC@eyJkeW5hbWljIjp0cnVlLCJjb250ZW50IjoicG9zdF9saW5rX3VybF9wYWdlIiwic2V0dGluZ3MiOnsicG9zdF9pZCI6IjEzNjUifX0=@&#8221; button_text=&#8221;MeMeVet&#8221; _builder_version=&#8221;4.9.4&#8243; _dynamic_attributes=&#8221;button_url&#8221; _module_preset=&#8221;default&#8221;][\/et_pb_button][\/et_pb_column][et_pb_column type=&#8221;1_6&#8243; _builder_version=&#8221;4.9.4&#8243; _module_preset=&#8221;default&#8221;][et_pb_button button_url=&#8221;@ET-DC@eyJkeW5hbWljIjp0cnVlLCJjb250ZW50IjoicG9zdF9saW5rX3VybF9wYWdlIiwic2V0dGluZ3MiOnsicG9zdF9pZCI6IjEzNDUifX0=@&#8221; button_text=&#8221;GreenHull&#8221; _builder_version=&#8221;4.9.4&#8243; _dynamic_attributes=&#8221;button_url&#8221; _module_preset=&#8221;default&#8221;][\/et_pb_button][\/et_pb_column][\/et_pb_row][\/et_pb_section][et_pb_section fb_built=&#8221;1&#8243; module_id=&#8221;ecovem&#8221; _builder_version=&#8221;4.9.4&#8243; _module_preset=&#8221;default&#8221; background_color=&#8221;RGBA(0,0,0,0)&#8221; animation_style=&#8221;fold&#8221;][et_pb_row column_structure=&#8221;2_3,1_3&#8243; _builder_version=&#8221;4.9.4&#8243; _module_preset=&#8221;default&#8221;][et_pb_column type=&#8221;2_3&#8243; _builder_version=&#8221;4.9.4&#8243; _module_preset=&#8221;default&#8221;][et_pb_text _builder_version=&#8221;4.9.4&#8243; _module_preset=&#8221;df44ae6c-237c-4332-aad4-364fbf818df2&#8243;]<\/p>\n<h4>Smart Circuit<\/h4>\n<p>[\/et_pb_text][\/et_pb_column][et_pb_column type=&#8221;1_3&#8243; _builder_version=&#8221;4.9.4&#8243; _module_preset=&#8221;default&#8221;][et_pb_image src=&#8221;https:\/\/old.clustercomet.it\/wp-content\/uploads\/2023\/05\/smartcircuitsmall.jpg&#8221; title_text=&#8221;smartcircuitsmall&#8221; _builder_version=&#8221;4.9.4&#8243; _module_preset=&#8221;default&#8221;][\/et_pb_image][\/et_pb_column][\/et_pb_row][et_pb_row _builder_version=&#8221;4.9.4&#8243; _module_preset=&#8221;default&#8221;][et_pb_column type=&#8221;4_4&#8243; _builder_version=&#8221;4.9.4&#8243; _module_preset=&#8221;default&#8221;][et_pb_text _builder_version=&#8221;4.9.4&#8243; _module_preset=&#8221;df44ae6c-237c-4332-aad4-364fbf818df2&#8243;]<\/p>\n<p>The <strong>Smart Circuit<\/strong> project extends the competences of\u00a0Digital Innovation Hubs (DIHs) in\u00a0order to\u00a0promote the principle of\u00a0circular economy (CE).<\/p>\n<p>While manufacturing is\u00a0an important link in\u00a0Central Europe, it\u00a0is also resource-intensive and generates a\u00a0significant amount of\u00a0waste and emissions, especially in\u00a0value chains related to\u00a0the electronics, construction, and textile sectors.<\/p>\n<p>By bringing together DIHs, partners of\u00a0the project will be\u00a0able to\u00a0learn about best practices and enhance their circular manufacturing potential.<\/p>\n<p>The direct aim of\u00a0the project is\u00a0to analyse, develop and support the role of\u00a0DIH-oriented organisations in\u00a0the development and implementation of\u00a0CE.<\/p>\n<p>The project will support actions related to\u00a0transforming the manufacturing industry towards a\u00a0smarter and more sustainable development. These actions will involve:<\/p>\n<ul>\n<li>Improving the potential of\u00a0innovation and cooperation in\u00a0this respect by\u00a0strengthening transnational innovation networks between DIHs;<\/li>\n<li>Helping small and medium enterprises to\u00a0better integrate the CE\u00a0principles;<\/li>\n<li>Exchanging good practices, standards and initiatives related to\u00a0Industry 5.0 and CE\u00a0in manufacturing;<\/li>\n<li>Implementing pilot initiatives to\u00a0test and design support services;<\/li>\n<li>Supporting the transfer of\u00a0technology and innovation from science to\u00a0business.<\/li>\n<\/ul>\n<p>We expect to\u00a0create and design innovative solutions and services over three years of\u00a0cooperation, which will allow DIHs to\u00a0enhance the manufacturing ecosystem in\u00a0Central Europe and direct it\u00a0towards a\u00a0more ecological and competitive future.<\/p>\n<p>The project is\u00a0financed from the European Regional Development Fund as\u00a0part of\u00a0the Interreg Central Europe programme.<\/p>\n<p><strong>Partner List<\/strong><\/p>\n<ol>\n<li>Krakowski Park Technologiczny<\/li>\n<li>Forschung Burgenland GmbH<\/li>\n<li>PROFACTOR GmbH<\/li>\n<li>Fraunhofer Gesellschaft zur F\u00f6rderung der angewandten Forschung e.V.<\/li>\n<li>microTEC S\u00fcdwest e.V.<\/li>\n<li>SIIT Distretto Tecnologico Ligure Sistemi Intelligenti Integrati<\/li>\n<li>COMET Scrl \u2013 Cluster Metalmeccanica Friuli Venezia Giulia<\/li>\n<li>TECOS, Razvojni center orodjarstva Slovenije<\/li>\n<li>Pannon Gazdas\u00e1gi H\u00e1l\u00f3zat Egyes\u00fclet<\/li>\n<li>Technick\u00e1 univerzita v\u00a0Ko\u0161iciach<\/li>\n<li>Intemac Solutions s.r.o.<\/li>\n<li>HGK VZ\u00a0Hrvatska gospodarska komora<\/li>\n<\/ol>\n<p>&nbsp;<\/p>\n<p><span style=\"text-decoration: underline;\"><strong>Project Description<\/strong><\/span><\/p>\n<p><strong>Subject\u00a0<\/strong>Cooperation for a\u00a0more ecological Central Europe<\/p>\n<p><strong>Specific Objective\u00a0<\/strong>SO 2.3 Development of\u00a0circular economy in\u00a0Central Europe<\/p>\n<p><strong>Role\u00a0<\/strong>Project Leader<\/p>\n<p><strong>Project Coordinator\u00a0<\/strong>Agnieszka W\u0142odarczyk-G\u0119bik<\/p>\n<p><strong>Project Team<\/strong>\u00a0Urszula Wo\u017aniak<strong>,\u00a0<\/strong>Aldona Chwalik Raczy\u0144ska<\/p>\n<p>[\/et_pb_text][\/et_pb_column][\/et_pb_row][\/et_pb_section]<\/p>\n","protected":false},"excerpt":{"rendered":"<p>[et_pb_section fb_built=&#8221;1&#8243; fullwidth=&#8221;on&#8221; admin_label=&#8221;Page Header&#8221; _builder_version=&#8221;4.9.4&#8243; background_image=&#8221;https:\/\/old.clustercomet.it\/wp-content\/uploads\/2021\/06\/progetti_europei.hd_.jpg&#8221; parallax=&#8221;on&#8221; background_enable_video_mp4=&#8221;off&#8221; custom_padding=&#8221;100px||100px||true|false&#8221; locked=&#8221;off&#8221;][et_pb_fullwidth_header title=&#8221;SMART CIRCUIT&#8221; subhead=&#8221;Enabling SMARTer, CIRCUlar digITal innovation hubs to enhance Central Europe\u2019s manufacturing eco-system towards a greener &#038; more competitive future&#8221; text_orientation=&#8221;center&#8221; button_one_url=&#8221;#&#8221; button_two_url=&#8221;#&#8221; background_overlay_color=&#8221;RGBA(0,0,0,0)&#8221; admin_label=&#8221;Hero Section&#8221; _builder_version=&#8221;4.9.4&#8243; title_font=&#8221;Mulish|900|||||||&#8221; title_text_align=&#8221;center&#8221; title_text_color=&#8221;gcid-cf4412ac-b0e4-43ed-bef2-d7fedd2138c0&#8243; title_font_size=&#8221;60px&#8221; title_line_height=&#8221;1.2em&#8221; content_font_size=&#8221;22px&#8221; content_line_height=&#8221;1.8em&#8221; subhead_font=&#8221;Mulish|900|on||||||&#8221; subhead_font_size=&#8221;27px&#8221; subhead_line_height=&#8221;1.2em&#8221; background_color=&#8221;RGBA(0,0,0,0)&#8221; background_enable_image=&#8221;off&#8221; background_blend=&#8221;lighten&#8221; custom_button_one=&#8221;on&#8221; button_one_text_size=&#8221;16px&#8221; button_one_bg_color=&#8221;#6eba01&#8243; [&hellip;]<\/p>\n","protected":false},"author":2,"featured_media":0,"parent":1886,"menu_order":0,"comment_status":"closed","ping_status":"closed","template":"","meta":{"_et_pb_use_builder":"on","_et_pb_old_content":"","_et_gb_content_width":"","footnotes":""},"class_list":["post-7257","page","type-page","status-publish","hentry"],"acf":[],"_links":{"self":[{"href":"https:\/\/old.clustercomet.it\/en\/wp-json\/wp\/v2\/pages\/7257","targetHints":{"allow":["GET"]}}],"collection":[{"href":"https:\/\/old.clustercomet.it\/en\/wp-json\/wp\/v2\/pages"}],"about":[{"href":"https:\/\/old.clustercomet.it\/en\/wp-json\/wp\/v2\/types\/page"}],"author":[{"embeddable":true,"href":"https:\/\/old.clustercomet.it\/en\/wp-json\/wp\/v2\/users\/2"}],"replies":[{"embeddable":true,"href":"https:\/\/old.clustercomet.it\/en\/wp-json\/wp\/v2\/comments?post=7257"}],"version-history":[{"count":10,"href":"https:\/\/old.clustercomet.it\/en\/wp-json\/wp\/v2\/pages\/7257\/revisions"}],"predecessor-version":[{"id":7276,"href":"https:\/\/old.clustercomet.it\/en\/wp-json\/wp\/v2\/pages\/7257\/revisions\/7276"}],"up":[{"embeddable":true,"href":"https:\/\/old.clustercomet.it\/en\/wp-json\/wp\/v2\/pages\/1886"}],"wp:attachment":[{"href":"https:\/\/old.clustercomet.it\/en\/wp-json\/wp\/v2\/media?parent=7257"}],"curies":[{"name":"wp","href":"https:\/\/api.w.org\/{rel}","templated":true}]}}